{"id":166,"date":"2022-10-02T10:29:02","date_gmt":"2022-10-02T10:29:02","guid":{"rendered":"https:\/\/needit.hu\/?page_id=166"},"modified":"2022-10-02T11:29:52","modified_gmt":"2022-10-02T11:29:52","slug":"tanacsadas","status":"publish","type":"page","link":"https:\/\/needit.hu\/index.php\/tanacsadas\/","title":{"rendered":"Informatikai tan\u00e1csad\u00e1s"},"content":{"rendered":"\n<p>Az IT piac folyamatosan v\u00e1ltoz\u00f3 \u00e9s fejl\u0151d\u0151 megold\u00e1sai k\u00f6z\u00f6tt egyre nehezebb az eligazod\u00e1s. Mind az \u00faj rendszerek kialak\u00edt\u00e1s\u00e1n\u00e1l, mind a megl\u00e9v\u0151 informatikai rendszer b\u0151v\u00edt\u00e9se vagy korszer\u0171s\u00edt\u00e9se eset\u00e9n elengedhetetlen a megfelel\u0151 szaktud\u00e1s \u00e9s a naprak\u00e9sz inform\u00e1ci\u00f3k megl\u00e9te.<\/p>\n\n\n\n<p>\u00dcgyfeleink saj\u00e1toss\u00e1gainak, munkafolyamatainak megismer\u00e9s\u00e9t, valamint az ig\u00e9nyek alapos felt\u00e9rk\u00e9pez\u00e9s\u00e9t k\u00f6vet\u0151en javaslatot tesz\u00fcnk az \u00d6n\u00f6k sz\u00e1m\u00e1ra&nbsp;<strong>legmegfelel\u0151bb informatikai megold\u00e1sokra<\/strong>, amelyek biztons\u00e1gos h\u00e1tt\u00e9rk\u00e9nt jelent\u0151sen megk\u00f6nny\u00edthetik az aktu\u00e1lis feladatok, probl\u00e9m\u00e1k kezel\u00e9s\u00e9t.<br>Seg\u00edts\u00e9get ny\u00fajtunk a&nbsp;<strong>informatikai szab\u00e1lyzat\u00e1nak, elj\u00e1r\u00e1sainak kialak\u00edt\u00e1s\u00e1ban<\/strong>, valamint az esetleges&nbsp;<strong>informatikai auditokra val\u00f3 felk\u00e9sz\u00fcl\u00e9sben<\/strong>&nbsp;is.<\/p>\n\n\n\n<div class=\"wp-block-buttons is-layout-flex wp-block-buttons-is-layout-flex\">\n<div class=\"wp-block-button\"><a class=\"wp-block-button__link\" href=\"szolgaltatasok\">Vissza<\/a><\/div>\n<\/div>\n","protected":false},"excerpt":{"rendered":"<p>Az IT piac folyamatosan v\u00e1ltoz\u00f3 \u00e9s fejl\u0151d\u0151 megold\u00e1sai k\u00f6z\u00f6tt egyre nehezebb az eligazod\u00e1s. Mind az \u00faj rendszerek kialak\u00edt\u00e1s\u00e1n\u00e1l, mind a megl\u00e9v\u0151 informatikai rendszer b\u0151v\u00edt\u00e9se vagy korszer\u0171s\u00edt\u00e9se eset\u00e9n elengedhetetlen a megfelel\u0151 szaktud\u00e1s \u00e9s a naprak\u00e9sz inform\u00e1ci\u00f3k [&hellip;]<\/p>\n","protected":false},"author":1,"featured_media":0,"parent":0,"menu_order":0,"comment_status":"closed","ping_status":"closed","template":"","meta":{"footnotes":""},"class_list":["post-166","page","type-page","status-publish","hentry"],"_links":{"self":[{"href":"https:\/\/needit.hu\/index.php\/wp-json\/wp\/v2\/pages\/166","targetHints":{"allow":["GET"]}}],"collection":[{"href":"https:\/\/needit.hu\/index.php\/wp-json\/wp\/v2\/pages"}],"about":[{"href":"https:\/\/needit.hu\/index.php\/wp-json\/wp\/v2\/types\/page"}],"author":[{"embeddable":true,"href":"https:\/\/needit.hu\/index.php\/wp-json\/wp\/v2\/users\/1"}],"replies":[{"embeddable":true,"href":"https:\/\/needit.hu\/index.php\/wp-json\/wp\/v2\/comments?post=166"}],"version-history":[{"count":0,"href":"https:\/\/needit.hu\/index.php\/wp-json\/wp\/v2\/pages\/166\/revisions"}],"wp:attachment":[{"href":"https:\/\/needit.hu\/index.php\/wp-json\/wp\/v2\/media?parent=166"}],"curies":[{"name":"wp","href":"https:\/\/api.w.org\/{rel}","templated":true}]}}