{"id":169,"date":"2022-10-02T10:30:53","date_gmt":"2022-10-02T10:30:53","guid":{"rendered":"https:\/\/needit.hu\/?page_id=169"},"modified":"2022-10-02T11:30:19","modified_gmt":"2022-10-02T11:30:19","slug":"uzemeltetes","status":"publish","type":"page","link":"https:\/\/needit.hu\/index.php\/uzemeltetes\/","title":{"rendered":"Rendszergazda tev\u00e9kenys\u00e9g, rendszer\u00fczemeltet\u00e9s"},"content":{"rendered":"\n<p>Hossz\u00fa t\u00e1v\u00fa, ide\u00e1lis \u00e9s k\u00f6lts\u00e9ghat\u00e9kony megold\u00e1st k\u00edn\u00e1lunk a biztons\u00e1gos informatikai h\u00e1tt\u00e9rre v\u00e1gy\u00f3 kis- \u00e9s k\u00f6z\u00e9pv\u00e1llalkoz\u00e1sok sz\u00e1m\u00e1ra.<br>\u00dczemeltet\u00e9si feladatokat ell\u00e1tjuk eseti, vagy \u00e1tal\u00e1nyd\u00edjas meg\u00e1llapod\u00e1s keretein bel\u00fcl is.<\/p>\n\n\n\n<p><br><strong>\u00dczemeltet\u00e9si p\u00e9ld\u00e1k:<\/strong><\/p>\n\n\n\n<ul class=\"wp-block-list\"><li>H\u00e1l\u00f3zat ki\u00e9p\u00edt\u00e9s, optimaliz\u00e1l\u00e1s<\/li><li>Szerveroldali alkalmaz\u00e1s t\u00e1mogat\u00e1s<\/li><li>Sz\u00e1m\u00edt\u00f3g\u00e9p-park karbantart\u00e1s<\/li><li>Szoftver telep\u00edt\u00e9s, be\u00e1ll\u00edt\u00e1s, optimaliz\u00e1l\u00e1s<\/li><li>Helpdesk szolg\u00e1ltat\u00e1s<\/li><li>T\u00e1vseg\u00edts\u00e9g<\/li><li>Informatikai biztons\u00e1g, v\u00edrusv\u00e9delem<\/li><li>Adatment\u00e9s, archiv\u00e1l\u00e1s, adatvissza\u00e1ll\u00edt\u00e1s<\/li><\/ul>\n\n\n\n<div class=\"wp-block-buttons is-layout-flex wp-block-buttons-is-layout-flex\">\n<div class=\"wp-block-button\"><a class=\"wp-block-button__link\" href=\"szolgaltatasok\">Vissza<\/a><\/div>\n<\/div>\n","protected":false},"excerpt":{"rendered":"<p>Hossz\u00fa t\u00e1v\u00fa, ide\u00e1lis \u00e9s k\u00f6lts\u00e9ghat\u00e9kony megold\u00e1st k\u00edn\u00e1lunk a biztons\u00e1gos informatikai h\u00e1tt\u00e9rre v\u00e1gy\u00f3 kis- \u00e9s k\u00f6z\u00e9pv\u00e1llalkoz\u00e1sok sz\u00e1m\u00e1ra.\u00dczemeltet\u00e9si feladatokat ell\u00e1tjuk eseti, vagy \u00e1tal\u00e1nyd\u00edjas meg\u00e1llapod\u00e1s keretein bel\u00fcl is. \u00dczemeltet\u00e9si p\u00e9ld\u00e1k: H\u00e1l\u00f3zat ki\u00e9p\u00edt\u00e9s, optimaliz\u00e1l\u00e1s Szerveroldali alkalmaz\u00e1s t\u00e1mogat\u00e1s Sz\u00e1m\u00edt\u00f3g\u00e9p-park karbantart\u00e1s [&hellip;]<\/p>\n","protected":false},"author":1,"featured_media":0,"parent":0,"menu_order":0,"comment_status":"closed","ping_status":"closed","template":"","meta":{"footnotes":""},"class_list":["post-169","page","type-page","status-publish","hentry"],"_links":{"self":[{"href":"https:\/\/needit.hu\/index.php\/wp-json\/wp\/v2\/pages\/169","targetHints":{"allow":["GET"]}}],"collection":[{"href":"https:\/\/needit.hu\/index.php\/wp-json\/wp\/v2\/pages"}],"about":[{"href":"https:\/\/needit.hu\/index.php\/wp-json\/wp\/v2\/types\/page"}],"author":[{"embeddable":true,"href":"https:\/\/needit.hu\/index.php\/wp-json\/wp\/v2\/users\/1"}],"replies":[{"embeddable":true,"href":"https:\/\/needit.hu\/index.php\/wp-json\/wp\/v2\/comments?post=169"}],"version-history":[{"count":0,"href":"https:\/\/needit.hu\/index.php\/wp-json\/wp\/v2\/pages\/169\/revisions"}],"wp:attachment":[{"href":"https:\/\/needit.hu\/index.php\/wp-json\/wp\/v2\/media?parent=169"}],"curies":[{"name":"wp","href":"https:\/\/api.w.org\/{rel}","templated":true}]}}