{"id":2,"date":"2022-10-01T15:33:01","date_gmt":"2022-10-01T15:33:01","guid":{"rendered":"https:\/\/needit.hu\/?page_id=2"},"modified":"2022-10-02T11:24:51","modified_gmt":"2022-10-02T11:24:51","slug":"kezdolap","status":"publish","type":"page","link":"https:\/\/needit.hu\/","title":{"rendered":"C\u00e9g\u00fcnkr\u0151l"},"content":{"rendered":"\n<p>A v\u00e1llalkoz\u00e1sunk 2004-ben indult. Kezdetben eseti jelleg\u0171&nbsp;<strong>sz\u00e1m\u00edt\u00e1stechnikai munk\u00e1k<\/strong>&nbsp;\u00e9s kisebb megrendel\u00e9sek szerepeltek a c\u00e9g \u00e1ltal ny\u00fajtott szolg\u00e1ltat\u00e1sok k\u00f6z\u00f6tt. A id\u0151 \u00e9s a technika el\u0151re halad\u00e1sa, az \u00fcgyfelek t\u00f6retlen fejl\u0151d\u00e9se, minket is \u00faj \u00e9s komolyabb kih\u00edv\u00e1sok el\u00e9 \u00e1ll\u00edtott, ezzel egyidej\u0171leg a tapasztalataink \u00e9s a tud\u00e1sunk is folyamatosan n\u00f6vekedett. M\u00e1ra sz\u00e1mos kis \u00e9s k\u00f6zepes m\u00e9ret\u0171 v\u00e1llalkoz\u00e1s sz\u00e1m\u00e1ra ny\u00fajtunk komplett&nbsp;<strong>informatikai szolg\u00e1ltat\u00e1sokat<\/strong>. 2009-t\u00f4l korl\u00e1tolt felel\u0151ss\u00e9g\u0171 t\u00e1rsas\u00e1gi form\u00e1ban tev\u00e9kenyked\u00fcnk.<br>Mindezek mellett saj\u00e1t szoftverterm\u00e9kek kiad\u00e1s\u00e1val is foglalkozunk. Legismertebb term\u00e9k\u00fcnk a <strong><a href=\"https:\/\/www.nucleus.hu\" data-type=\"URL\" data-id=\"https:\/\/www.nucleus.hu\" target=\"_blank\" rel=\"noreferrer noopener\">Nucleus Orvosi Adatkezel\u0151 Rendszer<\/a><\/strong>.<\/p>\n\n\n\n<p><strong>C\u00e9lunk, <\/strong>hogy testreszabott, k\u00f6lts\u00e9ghat\u00e9kony, \u00e9s egyben korszer\u0171\u00a0<strong>informatikai megold\u00e1sokkal<\/strong>\u00a0t\u00e1mogassuk mind a m\u00e1r megl\u00e9v\u0151, mind az \u00faj partnereinket, \u00e9s ez\u00e1ltal k\u00f6zrem\u0171k\u00f6dj\u00fcnk az \u00fczleti fejl\u0151d\u00e9s\u00fckben, hat\u00e9konys\u00e1guk n\u00f6vel\u00e9s\u00e9ben.<\/p>\n","protected":false},"excerpt":{"rendered":"<p>A v\u00e1llalkoz\u00e1sunk 2004-ben indult. Kezdetben eseti jelleg\u0171&nbsp;sz\u00e1m\u00edt\u00e1stechnikai munk\u00e1k&nbsp;\u00e9s kisebb megrendel\u00e9sek szerepeltek a c\u00e9g \u00e1ltal ny\u00fajtott szolg\u00e1ltat\u00e1sok k\u00f6z\u00f6tt. A id\u0151 \u00e9s a technika el\u0151re halad\u00e1sa, az \u00fcgyfelek t\u00f6retlen fejl\u0151d\u00e9se, minket is \u00faj \u00e9s komolyabb kih\u00edv\u00e1sok el\u00e9 [&hellip;]<\/p>\n","protected":false},"author":1,"featured_media":0,"parent":0,"menu_order":0,"comment_status":"closed","ping_status":"closed","template":"","meta":{"footnotes":""},"class_list":["post-2","page","type-page","status-publish","hentry"],"_links":{"self":[{"href":"https:\/\/needit.hu\/index.php\/wp-json\/wp\/v2\/pages\/2","targetHints":{"allow":["GET"]}}],"collection":[{"href":"https:\/\/needit.hu\/index.php\/wp-json\/wp\/v2\/pages"}],"about":[{"href":"https:\/\/needit.hu\/index.php\/wp-json\/wp\/v2\/types\/page"}],"author":[{"embeddable":true,"href":"https:\/\/needit.hu\/index.php\/wp-json\/wp\/v2\/users\/1"}],"replies":[{"embeddable":true,"href":"https:\/\/needit.hu\/index.php\/wp-json\/wp\/v2\/comments?post=2"}],"version-history":[{"count":0,"href":"https:\/\/needit.hu\/index.php\/wp-json\/wp\/v2\/pages\/2\/revisions"}],"wp:attachment":[{"href":"https:\/\/needit.hu\/index.php\/wp-json\/wp\/v2\/media?parent=2"}],"curies":[{"name":"wp","href":"https:\/\/api.w.org\/{rel}","templated":true}]}}