{"id":91,"date":"2022-10-01T20:44:25","date_gmt":"2022-10-01T20:44:25","guid":{"rendered":"https:\/\/needit.hu\/?page_id=91"},"modified":"2022-10-02T10:56:31","modified_gmt":"2022-10-02T10:56:31","slug":"szoftverek","status":"publish","type":"page","link":"https:\/\/needit.hu\/index.php\/szoftverek\/","title":{"rendered":"Szoftverfejleszt\u00e9s"},"content":{"rendered":"\n<p>Seg\u00edt\u00fcnk abban, hogy az alkalmazott szoftver az alapfunkci\u00f3j\u00e1n t\u00fal az \u00d6n ig\u00e9nyeinek megfelel\u0151 \u00e9s sz\u00fcks\u00e9ges megold\u00e1st is ny\u00fajthasson. A szoftverpiacon kaphat\u00f3 term\u00e9kek beszerz\u00e9se mellett&nbsp;<strong>egyedi, speci\u00e1lis szoftverek, alkalmaz\u00e1sok fejleszt\u00e9s\u00e9vel<\/strong>&nbsp;is \u00e1llunk \u00fcgyfeleink rendelkez\u00e9s\u00e9re.<br>Az egyszer\u0171 irodai megold\u00e1sokt\u00f3l, egy adott probl\u00e9m\u00e1ra megold\u00e1st ny\u00fajt\u00f3 alkalmaz\u00e1sokt\u00f3l  kezdve a komoly, t\u00f6bbfelhaszn\u00e1l\u00f3s, kliens-szerver szoftverekig a teljes palett\u00e1t ny\u00fajtjuk \u00fcgyfeleink r\u00e9sz\u00e9re.  Programoz\u00f3ink&nbsp;<strong>Visual Basic, C++, C#, Java, T-SQL<\/strong>&nbsp;alkalmaz\u00e1s\u00e1val k\u00e9sz\u00edtik sz\u00ednvonalas szoftverjeinket.<\/p>\n\n\n\n<p>A megrendel\u00e9sre k\u00e9sz\u00fclt alkalmaz\u00e1sok mellet saj\u00e1t fejleszt\u00e9s\u0171 szoftverjeinkkel az eg\u00e9szs\u00e9g\u00fcgyi informatikai piacon is jelen vagyunk.<br>Sok sz\u00e1z orvos \u00e9s t\u00f6bb nagyobb klinika is haszn\u00e1lja a <strong><a rel=\"noreferrer noopener\" href=\"https:\/\/www.nucleus.hu\" data-type=\"URL\" data-id=\"https:\/\/www.nucleus.hu\" target=\"_blank\">Nucleus Orvosi Adatkezel\u0151 Rendszer\u00fcnket<\/a><\/strong>.<\/p>\n\n\n<div class=\"wp-block-image\">\n<figure class=\"aligncenter size-full\"><img loading=\"lazy\" decoding=\"async\" width=\"120\" height=\"120\" src=\"https:\/\/needit.hu\/wp-content\/uploads\/2022\/10\/nucleuslogo.png\" alt=\"\" class=\"wp-image-187\"\/><\/figure>\n<\/div>","protected":false},"excerpt":{"rendered":"<p>Seg\u00edt\u00fcnk abban, hogy az alkalmazott szoftver az alapfunkci\u00f3j\u00e1n t\u00fal az \u00d6n ig\u00e9nyeinek megfelel\u0151 \u00e9s sz\u00fcks\u00e9ges megold\u00e1st is ny\u00fajthasson. A szoftverpiacon kaphat\u00f3 term\u00e9kek beszerz\u00e9se mellett&nbsp;egyedi, speci\u00e1lis szoftverek, alkalmaz\u00e1sok fejleszt\u00e9s\u00e9vel&nbsp;is \u00e1llunk \u00fcgyfeleink rendelkez\u00e9s\u00e9re.Az egyszer\u0171 irodai megold\u00e1sokt\u00f3l, egy [&hellip;]<\/p>\n","protected":false},"author":1,"featured_media":0,"parent":0,"menu_order":0,"comment_status":"closed","ping_status":"closed","template":"","meta":{"footnotes":""},"class_list":["post-91","page","type-page","status-publish","hentry"],"_links":{"self":[{"href":"https:\/\/needit.hu\/index.php\/wp-json\/wp\/v2\/pages\/91","targetHints":{"allow":["GET"]}}],"collection":[{"href":"https:\/\/needit.hu\/index.php\/wp-json\/wp\/v2\/pages"}],"about":[{"href":"https:\/\/needit.hu\/index.php\/wp-json\/wp\/v2\/types\/page"}],"author":[{"embeddable":true,"href":"https:\/\/needit.hu\/index.php\/wp-json\/wp\/v2\/users\/1"}],"replies":[{"embeddable":true,"href":"https:\/\/needit.hu\/index.php\/wp-json\/wp\/v2\/comments?post=91"}],"version-history":[{"count":0,"href":"https:\/\/needit.hu\/index.php\/wp-json\/wp\/v2\/pages\/91\/revisions"}],"wp:attachment":[{"href":"https:\/\/needit.hu\/index.php\/wp-json\/wp\/v2\/media?parent=91"}],"curies":[{"name":"wp","href":"https:\/\/api.w.org\/{rel}","templated":true}]}}